{"id":105,"date":"2016-05-16T08:14:16","date_gmt":"2016-05-16T08:14:16","guid":{"rendered":"http:\/\/eventreklame.de\/?page_id=105"},"modified":"2016-05-16T09:17:29","modified_gmt":"2016-05-16T09:17:29","slug":"werbung","status":"publish","type":"page","link":"https:\/\/pixoman.de\/reklamelabor\/werbung\/","title":{"rendered":"Werbung"},"content":{"rendered":"<h3><strong>Gemeinsam und kreativ zum Ziel<\/strong><\/h3>\n<p>Aus Ihren individuellen Bed\u00fcrfnissen und einer gemeinsam fixierten Zielsetzung erarbeiten wir kreativ und kostenorientiert Ihr pers\u00f6nliches Konzept mit allen dazugeh\u00f6rigen Kommunikationsma\u00dfnahmen und Werbeprodukten, um das gemeinsame Ziel schnell und effizient zu erreichen.<\/p>\n<hr \/>\n<h3><strong>Logo und Corporate Design<\/strong><\/h3>\n<p class=\"bodytext\">Ein Logo ist das Aush\u00e4ngeschild Ihres Unternehmens. Wir gestalten Ihr Logo f\u00fcr ein unverwechselbares Erscheinungsbild Ihrer Firma oder Produktline.<\/p>\n<p class=\"bodytext\">Neben Ihrem Firmenlogo bildet das Corporate Design die Basis f\u00fcr ein einheitliches und werbewirksames Erscheinungsbild. Bei der Gestaltung von Briefpapier , Visitenkarten, Anzeigen, Fahrzeugbeschriftungen, Ihrem Internetauftritt, Plakaten, Flyern und Brosch\u00fcren, bis hin zu Messedisplays und Gro\u00dfformatdrucken ist Ihr Corporate Design stets der Ausgangspunkt und wir Ihr kreativer und kompetenter Ansprechpartner.<\/p>\n<hr \/>\n<h3 class=\"bodytext\"><strong>Werbemittel mit Pfiff<\/strong><\/h3>\n<div id=\"c162\" class=\"csc-default\">\n<p class=\"bodytext\">Wir unterst\u00fctzen Sie bei der Auswahl werbewirksamer Werbemittel, gestalten und liefern Ihnen auf Wunsch alles fertig frei Haus.Sprechen Sie mit uns, wir beraten Sie gerne!<\/p>\n<p class=\"bodytext\">Wir unterst\u00fctzen Sie bei:<br \/>\n-Werbemittel ausw\u00e4hlen<br \/>\n-Werbemittel gestalten<br \/>\n-Werbemittel drucken<\/p>\n<p class=\"bodytext\">\u00a0Wir sind immer eine Idee voraus!<\/p>\n<\/div>\n","protected":false},"excerpt":{"rendered":"<p>Gemeinsam und kreativ zum Ziel Aus Ihren individuellen Bed\u00fcrfnissen und einer gemeinsam fixierten Zielsetzung erarbeiten wir kreativ und kostenorientiert Ihr pers\u00f6nliches Konzept mit allen dazugeh\u00f6rigen Kommunikationsma\u00dfnahmen und Werbeprodukten, um das gemeinsame Ziel schnell und effizient zu erreichen. Logo und Corporate Design Ein Logo ist das Aush\u00e4ngeschild Ihres Unternehmens. Wir gestalten Ihr Logo f\u00fcr ein unverwechselbares [&hellip;]<\/p>\n","protected":false},"author":1,"featured_media":0,"parent":0,"menu_order":0,"comment_status":"closed","ping_status":"closed","template":"","meta":{"footnotes":""},"class_list":["post-105","page","type-page","status-publish","hentry"],"aioseo_notices":[],"_links":{"self":[{"href":"https:\/\/pixoman.de\/reklamelabor\/wp-json\/wp\/v2\/pages\/105","targetHints":{"allow":["GET"]}}],"collection":[{"href":"https:\/\/pixoman.de\/reklamelabor\/wp-json\/wp\/v2\/pages"}],"about":[{"href":"https:\/\/pixoman.de\/reklamelabor\/wp-json\/wp\/v2\/types\/page"}],"author":[{"embeddable":true,"href":"https:\/\/pixoman.de\/reklamelabor\/wp-json\/wp\/v2\/users\/1"}],"replies":[{"embeddable":true,"href":"https:\/\/pixoman.de\/reklamelabor\/wp-json\/wp\/v2\/comments?post=105"}],"version-history":[{"count":5,"href":"https:\/\/pixoman.de\/reklamelabor\/wp-json\/wp\/v2\/pages\/105\/revisions"}],"predecessor-version":[{"id":109,"href":"https:\/\/pixoman.de\/reklamelabor\/wp-json\/wp\/v2\/pages\/105\/revisions\/109"}],"wp:attachment":[{"href":"https:\/\/pixoman.de\/reklamelabor\/wp-json\/wp\/v2\/media?parent=105"}],"curies":[{"name":"wp","href":"https:\/\/api.w.org\/{rel}","templated":true}]}}