{"id":121,"date":"2016-05-16T08:31:54","date_gmt":"2016-05-16T08:31:54","guid":{"rendered":"http:\/\/eventreklame.de\/?page_id=121"},"modified":"2020-01-12T14:05:13","modified_gmt":"2020-01-12T14:05:13","slug":"druck-und-realisierung","status":"publish","type":"page","link":"https:\/\/pixoman.de\/reklamelabor\/druck-und-realisierung\/","title":{"rendered":"Druck und Realisierung"},"content":{"rendered":"<h3 class=\"bodytext\"><strong>Wir machen Ihre Werbebotschaft sichtbar<\/strong><\/h3>\n<p class=\"bodytext\">Wir drucken f\u00fcr sie (fast) alles.\u00a0 Egal ob Digitaldruck, Offsettdruck, oder Spezialdruck, von der Visitenkarte bis zum Gro\u00dffl\u00e4chenplakat an Bauger\u00fcsten. Wir arbeiten mit Spezialisten zusammen, die mit langj\u00e4hrigen Erfahrungen und modernen Technologien f\u00fcr Ihren Erfolg sorgen.<\/p>\n<hr \/>\n<h3 class=\"bodytext\"><strong>Werbebanner<\/strong><\/h3>\n<p class=\"bodytext\">PVC-Werbebanner sind f\u00fcr den Ausseneinsatz bestens geeignet. Je nach Anwendungsgebiet haben Sie die Wahl zwischen zwei unterschiedliche Materialien.<\/p>\n<p class=\"bodytext\"><em>Frontlit<\/em><br \/>\nein gewebeverst\u00e4rktes Bannermaterial ist robust und preiswert. Die Motivwiedergabe darauf begeistert durch eine besonders frische und brillante Farbwiedergabe. Der Kern des Materials ist mit einer Synthetic-Faser verst\u00e4rkt, was eine hohe Rei\u00dffestigkeit garantiert.<\/p>\n<p class=\"bodytext\"><em>MESH-Netzgewebe<\/em><br \/>\nist ein winddurchl\u00e4ssiges Netzgewebe. Es kommt speziell bei gr\u00f6\u00dferen Bannern an windkritischen Stellen zum Einsatz. Die sehr gute Winddurchl\u00e4ssigkeit reduziert ganz enorm die Windlast.<\/p>\n<p class=\"bodytext\"><em>Verarbeitung:<\/em><br \/>\nOb plan geschnitten, ge\u00f6st oder Hohlsaum, Sie bekommen Ihren Banner professionell, hochwertig verarbeitet und montagefertig geliefert.<\/p>\n<hr \/>\n<h3><strong>Wetterfeste Kuststoffplakate: Das PP-Plakat von Reklamelabor<\/strong><\/h3>\n<p>Wir drucken Ihr Plakatmotiv auf Hohlkammerplatten aus PP (Polypropylen). Plakate aus witterungsfestem Kunststoff &#8211; bedruckt und aufh\u00e4ngefertig! F\u00fcr eine werbewirksame Stra\u00dfen-Plakatierung die preisg\u00fcnstige Alternative zu geklebten Papierplakaten!<\/p>\n<p>In Zukunft k\u00f6nnen Sie sich die Kleisterarbeiten sparen &#8211; denn unsere Hohlkammerplakate kommen bedruckt und aufh\u00e4ngefertig zu Ihnen. Aufgrund des geringen Gewichtes ist das Anbringen ganz leicht: zur Befestigung an Stra\u00dfenlaternen oder Bauz\u00e4unen verwenden Sie handels\u00fcbliche Kabelbinder, die sie bei uns gleich mitbestellen k\u00f6nnen.<\/p>\n<hr \/>\n<p class=\"bodytext\">\n","protected":false},"excerpt":{"rendered":"<p>Wir machen Ihre Werbebotschaft sichtbar Wir drucken f\u00fcr sie (fast) alles.\u00a0 Egal ob Digitaldruck, Offsettdruck, oder Spezialdruck, von der Visitenkarte bis zum Gro\u00dffl\u00e4chenplakat an Bauger\u00fcsten. Wir arbeiten mit Spezialisten zusammen, die mit langj\u00e4hrigen Erfahrungen und modernen Technologien f\u00fcr Ihren Erfolg sorgen. Werbebanner PVC-Werbebanner sind f\u00fcr den Ausseneinsatz bestens geeignet. Je nach Anwendungsgebiet haben Sie die [&hellip;]<\/p>\n","protected":false},"author":1,"featured_media":0,"parent":0,"menu_order":0,"comment_status":"closed","ping_status":"closed","template":"","meta":{"footnotes":""},"class_list":["post-121","page","type-page","status-publish","hentry"],"aioseo_notices":[],"_links":{"self":[{"href":"https:\/\/pixoman.de\/reklamelabor\/wp-json\/wp\/v2\/pages\/121","targetHints":{"allow":["GET"]}}],"collection":[{"href":"https:\/\/pixoman.de\/reklamelabor\/wp-json\/wp\/v2\/pages"}],"about":[{"href":"https:\/\/pixoman.de\/reklamelabor\/wp-json\/wp\/v2\/types\/page"}],"author":[{"embeddable":true,"href":"https:\/\/pixoman.de\/reklamelabor\/wp-json\/wp\/v2\/users\/1"}],"replies":[{"embeddable":true,"href":"https:\/\/pixoman.de\/reklamelabor\/wp-json\/wp\/v2\/comments?post=121"}],"version-history":[{"count":13,"href":"https:\/\/pixoman.de\/reklamelabor\/wp-json\/wp\/v2\/pages\/121\/revisions"}],"predecessor-version":[{"id":227,"href":"https:\/\/pixoman.de\/reklamelabor\/wp-json\/wp\/v2\/pages\/121\/revisions\/227"}],"wp:attachment":[{"href":"https:\/\/pixoman.de\/reklamelabor\/wp-json\/wp\/v2\/media?parent=121"}],"curies":[{"name":"wp","href":"https:\/\/api.w.org\/{rel}","templated":true}]}}