{"id":4,"date":"2016-05-08T15:14:23","date_gmt":"2016-05-08T15:14:23","guid":{"rendered":"http:\/\/eventreklame.de\/?page_id=4"},"modified":"2023-01-31T18:46:58","modified_gmt":"2023-01-31T18:46:58","slug":"agb","status":"publish","type":"page","link":"https:\/\/pixoman.de\/reklamelabor\/agb\/","title":{"rendered":"AGB"},"content":{"rendered":"<p class=\"bodytext\"><strong>AGB f\u00fcr Lieferungen und Leistungen von<\/strong><\/p>\n<p class=\"bodytext\">Reklamelabor &#8211; die Agentur f\u00fcr Kommunikation und Werbung<\/p>\n<p class=\"bodytext\">Ronny Bley<\/p>\n<p class=\"bodytext\">Willy-Brandt-Stra\u00dfe 66<\/p>\n<p class=\"bodytext\">08529 Plauen<\/p>\n<p class=\"bodytext\">Tel: 03741 \u2013 1872638<\/p>\n<p class=\"bodytext\">E-Mail-Adresse: agentur@reklamelabor.de<\/p>\n<p class=\"bodytext\">SteuerNr. 223\/208\/01641<\/p>\n<p class=\"bodytext\">Ust-IdNr. DE187153514<\/p>\n<p class=\"bodytext\">und seinen Angeboten <a href=\"http:\/\/www.pixoman.de\" target=\"_blank\" rel=\"noopener\">www.pixoman.de<\/a> , <a title=\"Vogtlandherz.de\" href=\"http:\/\/www.vogtlandherz.de\" target=\"_blank\" rel=\"noopener\">www.Vogtlandherz.de<\/a>, <a href=\"https:\/\/pixoman.de\/reklamelabor\" target=\"_blank\" rel=\"noopener\">www.reklamelabor.de<\/a><\/p>\n<p class=\"bodytext\">1. Allgemeines<\/p>\n<p class=\"bodytext\">F\u00fcr alle Lieferungen und Leistungen von Reklamelabor gelten ausschlie\u00dflich die nachfolgenden Bedingungen.<\/p>\n<p class=\"bodytext\">2. Preise<\/p>\n<p class=\"bodytext\">1) Auf den Internetseiten wird angegeben, an wen sich das Angebot richtet. Bei Angeboten f\u00fcr Verbraucher (Endkunden) werden die Preise in Euro angegeben und enthalten die gesetzliche Umsatzsteuer. Angebote f\u00fcr Gesch\u00e4ftskunden werden netto in Euro angegeben und verstehen sich zuz\u00fcglich gesetzlicher Umsatzsteuer. Die im Internet angegebenen Preise sind ausschlie\u00dflich f\u00fcr automatisierte Bestellungen im Rahmen des E-Commerce g\u00fcltig. Neben den Endpreisen fallen je nach Versandart und Bezahlart weitere Kosten an, die vor Abschluss der Bestellung angezeigt werden.<\/p>\n<p class=\"bodytext\">2) Es gelten stets die Preise zum Zeitpunkt der Bestellung. Die Preise in der Bestellbest\u00e4tigung \/ Rechnung gelten als verbindlich.<\/p>\n<p class=\"bodytext\">3) Porto und Verpackung werden individuell berechnet und sind zusammen mit dem Kaufpreis der Ware, wie in der Bestellbest\u00e4tigung \/ auf der Rechnung angegeben, zu bezahlen.<\/p>\n<p class=\"bodytext\">4) Besteht ein Widerrufsrecht und wird von diesem Gebraucht gemacht, tr\u00e4gt der Kunde die Kosten der R\u00fccksendung.<\/p>\n<p class=\"bodytext\">3. Vertragsabschluss<\/p>\n<p class=\"bodytext\">1) Die Darstellung der Produkte im Online-Shop stellt einen unverbindlichen Online-Katalog dar und kein rechtlich bindendes Angebot. Die im Shop dargestellten Produkte \/ Leistungen sind beispielhaft und nicht die individuelle, vertragsgegenst\u00e4ndliche Leistung. Mit Anklicken des \u201eKAUFEN\u201c &#8211; Buttons gibt der Kunde ein verbindliches Kaufangebot ab. Die Bestellbest\u00e4tigung durch automatisierte E-Mail stellt noch keine Vertragsannahme unsererseits dar.<\/p>\n<p class=\"bodytext\">2) Die Annahme Ihre Bestellung erfolgt durch Versand einer Auftragsbest\u00e4tigung oder der Rechnung (per Post oder E-Mail) oder durch Auslieferung der Ware innerhalb von 15 Werktagen. \u00dcber Waren aus einer Bestellung, die nicht in der Auftragsbest\u00e4tigung \/ Rechnung aufgef\u00fchrt sind, kommt kein Kaufvertrag zustande. Ihr Vertragspartner ist Reklamelabor &#8211; Die Agentur f\u00fcr Kommunikation und Werbung, Ronny Bley.<\/p>\n<p class=\"bodytext\">4) Lieferung<\/p>\n<p class=\"bodytext\">1) Die Ware wird umgehend nach best\u00e4tigtem Zahlungseingang produziert und versandt. Die Regellieferzeit betr\u00e4gt 25 Tage, wenn in der Artikelbeschreibung nichts anderes angegeben ist. Der Anbieter versendet die Bestellung entweder aus eigenem Lager, sobald die gesamte Bestellung dort vorr\u00e4tig ist oder die Bestellung wird vom Hersteller verschickt, sobald die gesamte Bestellung dort vorr\u00e4tig ist. Alle angegebenen Liefertermine beruhen auf unseren Erfahrungen, den Informationen unserer Zulieferer bzw. Transportdienstleister. Da sich in der Zulieferung von Waren und Rohstoffen, in der Produktion oder auf dem Transportweg unvorhersehbare Verz\u00f6gerungen ergeben k\u00f6nnen, verstehen sich die genannten Termine als unverbindliche Richtwerte.<\/p>\n<p class=\"bodytext\">3) Der Anbieter beh\u00e4lt sich vor, eine in Qualit\u00e4t und Preis gleichwertige Leistung zu erbringen. Die im Shop dargestellte Leistung ist beispielhaft und nicht die individuelle, vertragsgegenst\u00e4ndliche Leistung. Sollte ein vom K\u00e4ufer bestellter Artikel ausnahmsweise einmal nicht lieferbar sein oder die Lieferfrist \u00fcber vier Wochen nach dem avisierten Liefertermin liegen, so teilt der Verk\u00e4ufer dem K\u00e4ufer schnellstm\u00f6glich den geplanten Liefertermin mit, alternativ, dass die Lieferung nicht erfolgen kann. Der Anbieter beh\u00e4lt sich vor, im Falle der Nichtverf\u00fcgbarkeit der versprochenen Leistung diese nicht zu erbringen.<\/p>\n<p class=\"bodytext\">4) Schadensersatzforderungen aufgrund versp\u00e4teter oder unm\u00f6glicher Lieferung ist, soweit gesetzlich zul\u00e4ssig, ausgeschlossen.<\/p>\n<p class=\"bodytext\">5) Zahlungsbedingungen<\/p>\n<p class=\"bodytext\">1) Der Kunde w\u00e4hlt die Bezahlart im Bestellablauf.<\/p>\n<p class=\"bodytext\">2) Bei vereinbarter Vorauszahlung (Standard bei Druckprodukten) wird die Ware erst nach Zahlungseingang angefertigt und versandt. Die Lieferzeit wird bis zum Zahlungseingang ausgesetzt.<\/p>\n<p class=\"bodytext\">Der Kunde ist verpflichtet innerhalb von 4 Tagen nach Erhalt der Rechnung den ausgewiesenen Betrag auf das auf der Rechnung angegebene Konto einzuzahlen oder zu \u00fcberweisen. Bei Verwendung eines Treuhandservice\/ Zahlungsdienstleisters erm\u00f6glicht es dieser dem Anbieter und Kunden, die Zahlung untereinander abzuwickeln. Dabei leitet der Treuhandservice\/ Zahlungsdienstleister die Zahlung des Kunden an den Anbieter weiter. Weitere Informationen erhalten Sie auf der Internetseite des jeweiligen Treuhandservices\/ Zahlungsdienstleisters.<\/p>\n<p class=\"bodytext\">3) Die Zahlung ist ab Rechnungsdatum ohne Abzug f\u00e4llig. Nach Ablauf der Zahlungsfrist, die somit kalenderm\u00e4\u00dfig bestimmt ist, kommt der Kunde auch ohne Mahnung in Verzug. Ein Zur\u00fcckbehaltungsrecht des Kunden, welches nicht auf demselben Vertragsverh\u00e4ltnis beruht, wird ausgeschlossen. Die Aufrechnung mit Forderungen des Kunden ist ausgeschlossen, es sei denn diese sind unbestritten oder rechtskr\u00e4ftig festgestellt.<\/p>\n<p class=\"bodytext\">4) Bis zur vollst\u00e4ndigen Bezahlung bleibt die gelieferte Ware im Eigentum des Anbieters.<\/p>\n<p class=\"bodytext\">4. Urheber-, Markenrechte, sonstige Gesetze<\/p>\n<p class=\"bodytext\">1) Der Auftraggeber ist f\u00fcr die Inhalte der \u00fcbertragenen Bilddateien allein verantwortlich. Bei allen Bilddateien werden die erforderlichen Urheber-, Marken- oder sonstigen Rechte des Auftraggebers vorausgesetzt. Der Auftraggeber haftet allein, wenn durch die Ausf\u00fchrung seines Auftrages Rechte Dritter, insbesondere Urheberrechte, verletzt werden. Der Auftraggeber sichert mit seinem Auftrag zu, dass Inhalte seiner Bilddateien nicht gegen die geltenden Gesetze, insbesondere gegen die Vorschriften zu P\u00e4dophilie, Gewalt und Pornographie, sowie die gesetzlichen Vorschriften zum Jugendschutz versto\u00dfen.<\/p>\n<p class=\"bodytext\">2) Der Auftraggeber stellt den Auftragnehmer von allen Anspr\u00fcchen Dritter wegen einer solchen Rechtsverletzung frei. Dies umfasst alle Kosten sowohl zur au\u00dfergerichtlichen als auch zur gerichtlichen Abwehr solcher Anspr\u00fcche und Forderungen; insbesondere auch Unterlassungs- und Anwaltskosten.<\/p>\n<p class=\"bodytext\">5. Widerrufsbelehrung<\/p>\n<p class=\"align-center\">______________________________________________________________________________________<\/p>\n<p class=\"bodytext\"><b>Widerrufsrecht<\/b><\/p>\n<p class=\"bodytext\"><b>Kunden, die Verbraucher sind, Sie haben das Recht, binnen vierzehn Tagen ohne Angabe von Gr\u00fcnden diesen Vertrag zu widerrufen.<\/b><\/p>\n<p class=\"bodytext\"><b>Die Widerrufsfrist betr\u00e4gt vierzehn Tage ab dem Tag an dem Sie oder ein von Ihnen benannter Dritter, der nicht der Bef\u00f6rderer ist, die Ware (bei Lieferung in mehreren Teilsendungen oder St\u00fccken die letzte Teilsendung oder das letzte St\u00fcck)<\/b><\/p>\n<p class=\"bodytext\"><b>in Besitz genommen haben bzw. hat.<\/b><\/p>\n<p class=\"bodytext\"><b>Um Ihr Widerrufsrecht auszu\u00fcben, m\u00fcssen Sie uns (Reklamelabor, Ronny Bley, Willy-Brandt-Str. 66, 08529 Plauen, E-Mail: widerruf@reklamelabor.de) mittels einer eindeutigen Erkl\u00e4rung (z. B. ein mit der Post versandter Brief, Telefax oder E-Mail) \u00fcber Ihren Entschluss, diesen Vertrag zu widerrufen, informieren. <\/b><\/p>\n<p class=\"bodytext\"><b>Sie k\u00f6nnen daf\u00fcr das beigef\u00fcgte Muster-Widerrufsformular verwenden, das jedoch nicht vorgeschrieben ist. Zur Wahrung der Widerrufsfrist reicht es aus, dass Sie die Mitteilung oder die Aus\u00fcbung des Widerrufsrechts vor Ablauf der Widerrufsfrist absenden.<\/b><\/p>\n<p class=\"bodytext\"><b>Folgen des Widerrufs<\/b><\/p>\n<p class=\"bodytext\"><b>Wenn Sie diesen Vertrag widerrufen, haben wir Ihnen alle Zahlungen, die wir von Ihnen erhalten haben, einschlie\u00dflich der Lieferkosten (mit Ausnahme der zus\u00e4tzlichen Kosten, die sich daraus ergeben, dass Sie eine andere Art der Lieferung als die von uns angebotene, g\u00fcnstigste Standardlieferung gew\u00e4hlt haben), unverz\u00fcglich und sp\u00e4testens binnen vierzehn Tagen ab dem Tag zur\u00fcckzuzahlen, an dem die Mitteilung \u00fcber Ihren Widerruf dieses Vertrags bei uns eingegangen ist. F\u00fcr diese R\u00fcckzahlung verwenden wir dasselbe Zahlungsmittel, das Sie bei der urspr\u00fcnglichen Transaktion eingesetzt haben, es sei denn, mit Ihnen wurde ausdr\u00fccklich etwas anderes vereinbart; in keinem Fall werden Ihnen wegen dieser R\u00fcckzahlung Entgelte berechnet. Wir k\u00f6nnen die R\u00fcckzahlung verweigern, bis wir die Waren wieder zur\u00fcckerhalten haben oder bis Sie den Nachweis erbracht haben, dass Sie die Waren zur\u00fcckgesandt haben, je nachdem, welches der fr\u00fchere Zeitpunkt ist.<\/b><\/p>\n<p class=\"bodytext\"><b>Sie haben die Waren unverz\u00fcglich und in jedem Fall sp\u00e4testens binnen vierzehn Tagen ab dem Tag, an dem Sie uns \u00fcber den Widerruf dieses Vertrags unterrichten, an uns (Reklamelabor, Ronny Bley, Willy-Brandt-Str. 66, 08529 Plauen) zur\u00fcckzusenden oder zu \u00fcbergeben. Die Frist ist gewahrt, wenn Sie die Waren vor Ablauf der Frist von vierzehn Tagen absenden. <\/b><\/p>\n<p class=\"bodytext\"><b>Sie tragen die unmittelbaren Kosten der R\u00fccksendung der Waren. Wenn die Waren aufgrund ihrer Beschaffenheit nicht normal mit der Post zur\u00fcckgesandt werden k\u00f6nnen, tragen Sie die unmittelbaren Kosten der R\u00fccksendung der Waren. Die Kosten werden auf h\u00f6chstens etwa 65,00 Euro gesch\u00e4tzt.<\/b><\/p>\n<p class=\"bodytext\"><b>Sie m\u00fcssen f\u00fcr einen etwaigen Wertverlust der Waren aufkommen, wenn dieser Wertverlust auf einen zur Pr\u00fcfung der Beschaffenheit, Eigenschaften und Funktionsweise der Waren nicht notwendigen Umgang mit ihnen zur\u00fcckzuf\u00fchren ist.<\/b><\/p>\n<p class=\"bodytext\"><b>Ende der Widerrufsbelehrung<\/b><\/p>\n<p class=\"align-center\">______________________________________________________________________________________<\/p>\n<p class=\"bodytext\"><b>Nichtbestehen des Widerrufsrechts<\/b><\/p>\n<p class=\"bodytext\"><b>Das Widerrufsrecht besteht gem\u00e4\u00df \u00a7 312 g Abs. 2 Nr. 1 BGB nicht bei Vertr\u00e4gen zur Lieferung von Waren, die nicht vorgefertigt sind und f\u00fcr deren Herstellung eine individuelle Auswahl oder Bestimmung durch den Verbraucher ma\u00dfgeblich ist oder die eindeutig auf die pers\u00f6nlichen Bed\u00fcrfnisse des Verbrauchers zugeschnitten sind.<\/b><\/p>\n<p class=\"align-center\">______________________________________________________________________________________<\/p>\n<p class=\"bodytext\">6. M\u00e4ngelr\u00fcge<\/p>\n<p class=\"bodytext\">1) Werden Waren mit offensichtlichen Sch\u00e4den an der Verpackung oder am Inhalt angeliefert, muss der Kunde dies unbeschadet seiner Gew\u00e4hrleistungsrechte sofort beim Spediteur\/ Frachtdienst reklamieren und die Annahme verweigern sowie unverz\u00fcglich durch eine E-Mail an versand@reklamelabor.de oder auf sonstige Weise (Fax \/ Post) den Schaden anzuzeigen, damit Reklamelabor etwaige Rechte gegen\u00fcber dem Spediteur\/ Frachtdienst wahren kann. Unterbleibt dies, ist die Reklamation aufgrund von Versandsch\u00e4den ausgeschlossen.<\/p>\n<p class=\"bodytext\">2) Der K\u00e4ufer hat unverz\u00fcglich, sp\u00e4testens innerhalb von drei Tagen alle offenen, erkennbaren M\u00e4ngel, Fehlmengen oder Falschlieferungen nach Empfang der Ware dem Verk\u00e4ufer gegen\u00fcber schriftlich zu r\u00fcgen, anderenfalls gilt die Lieferung als genehmigt. Nach Einsatz der Ware oder sonst begonnener Nutzung oder Weiterverarbeitung ist jede Beanstandung offener M\u00e4ngel ausgeschlossen. Versteckte M\u00e4ngel m\u00fcssen ebenfalls unverz\u00fcglich, sp\u00e4testens innerhalb von drei Tagen nach Feststellung schriftlich angezeigt werden.<\/p>\n<p class=\"bodytext\">3) Handels\u00fcbliche oder geringe, technisch nicht vermeidbare Abweichungen der Ware in der Qualit\u00e4t, Farbe, Gewebekonstruktion, der Ausr\u00fcstung, sowie der Transparenz und der Oberfl\u00e4chenbeschaffenheit berechtigen den K\u00e4ufer nicht zur Erhebung einer M\u00e4ngelr\u00fcge. Als M\u00e4ngel gelten nicht geschmackliche Gesichtspunkte wie farbliche Differenzen, Bildbeschnitt oder Farbverschiebungen zwischen den Endprodukten und den Originaldaten. Eine Qualit\u00e4tseinbu\u00dfe durch eine fehlerhafte Datei und mangelhafte Qualit\u00e4t (zum Beispiel Aufl\u00f6sung, Seitenverh\u00e4ltnis, Anschnitt oder Farbprofil) der Originalbilddaten stellt ebenfalls keinen Mangel dar.<\/p>\n<p class=\"bodytext\">4) Im Falle einer berechtigten Beanstandung hat der K\u00e4ufer zun\u00e4chst nur das Recht Nachbesserung oder eine Ersatzlieferung innerhalb einer angemessenen Frist zu verlangen. Der Verk\u00e4ufer ist berechtigt, vom Vertrag zur\u00fcckzutreten, wenn die Nacherf\u00fcllung nur mit unverh\u00e4ltnism\u00e4\u00dfigen Kosten m\u00f6glich ist. Schl\u00e4gt die Nacherf\u00fcllung zwei mal fehl, so ist der Kunde berechtigt, R\u00fccktritt oder Minderung zu verlangen. Weitere Schadensersatzforderungen sind, soweit gesetzlich zul\u00e4ssig, ausgeschlossen.<\/p>\n<p class=\"bodytext\">5) Warenr\u00fccksendungen sind grunds\u00e4tzlich mit dem Verk\u00e4ufer schriftlich abzustimmen. Nichtvereinbarte Warenr\u00fccksendungen sind nicht zul\u00e4ssig, werden nicht angenommen und gehen zu Lasten des K\u00e4ufers zur\u00fcck.<\/p>\n<p class=\"bodytext\">7. Gew\u00e4hrleistung<\/p>\n<p class=\"bodytext\">1) Ist der Kunde Unternehmer, wird f\u00fcr Neuwaren die Gew\u00e4hrleistungsfrist auf ein Jahr beschr\u00e4nkt. Dem Anbieter wird zuerkannt, dass er bei einer Nacherf\u00fcllung selbst zwischen Reparatur oder Neulieferung w\u00e4hlen kann, wenn es sich bei der Ware um Neuware handelt und der Kunde Unternehmer ist. Ist der Kunde Unternehmer, wird f\u00fcr Gebrauchtwaren die Gew\u00e4hrleistung ausgeschlossen.<\/p>\n<p class=\"bodytext\">2) Ist der Kunde Verbraucher, wird f\u00fcr gebrauchte Waren die Gew\u00e4hrleistungsfrist auf ein Jahr beschr\u00e4nkt. Verbrauchern steht f\u00fcr die angebotenen Leistungen ein gesetzliches M\u00e4ngelhaftungsrecht nach den einschl\u00e4gigen Vorschriften des B\u00fcrgerlichen Gesetzbuch (BGB) zu. Sofern hiervon abgewichen wird, richtet sich die Gew\u00e4hrleistung nach den hierzu verfassten Regelungen in den Allgemeinen Gesch\u00e4ftsbedingungen (AGB). Dies gilt nicht f\u00fcr Schadensersatzanspr\u00fcche des Kunden wegen Verletzung des Lebens, des K\u00f6rpers, der Gesundheit oder wesentlicher Vertragspflichten, welche zur Erreichung des Vertragszieles notwendigerweise erf\u00fcllt werden m\u00fcssen. Ebenso gilt dies nicht f\u00fcr Schadensersatzanspr\u00fcche nach grob fahrl\u00e4ssiger oder vors\u00e4tzlicher Pflichtverletzung des Anbieters oder seines gesetzlichen Vertreters oder Erf\u00fcllungsgehilfen. Im \u00dcbrigen gelten die gesetzlichen Regelungen.<\/p>\n<p class=\"bodytext\">3) Ist der Kunde Unternehmer, so geht die Gefahr des zuf\u00e4lligen Untergangs und\/ oder der zuf\u00e4lligen Verschlechterung der Ware mit der \u00dcbergabe, bei Versendung mit der Auslieferung der Ware an den ausgew\u00e4hlten Dienstleister hierf\u00fcr auf den Kunden \u00fcber.<\/p>\n<p class=\"bodytext\">8. Datenschutz<\/p>\n<p><a href=\"https:\/\/pixoman.de\/reklamelabor\/datenschutzbelehrung\/\">Hier finden Sie unsere neuen Datenschutzhinweise: Datenschutz<\/a><\/p>\n<p class=\"bodytext\">9. Gerichtsstand<\/p>\n<p class=\"bodytext\">F\u00fcr alle aus dem Vertrag entstehenden Rechtsstreitigkeiten wird als Gerichtsstand Plauen vereinbart.<\/p>\n<p class=\"bodytext\">10. Sonstige Bestimmungen<\/p>\n<p class=\"bodytext\">1) Der Kunde kann Fehler in der Eingabe w\u00e4hrend des Bestellvorganges korrigieren. Hierzu kann er folgenderma\u00dfen vorgehen: e-Mail an auftrag@reklamelabor.de (unter Angabe der Bestellnummer).<\/p>\n<p class=\"bodytext\">2) Die Unwirksamkeit einzelner Bestimmungen des zu Grunde liegenden Vertrages einschlie\u00dflich der Allgemeinen Gesch\u00e4ftsbedingungen ber\u00fchrt die Wirksamkeit der \u00fcbrigen Bestimmungen nicht. Unwirksame Bestimmungen sind durch solche zu ersetzen, die dem wirtschaftlichen Sinn der unwirksamen Bestimmung am n\u00e4chsten kommen.<\/p>\n<p class=\"bodytext\">3) Erkl\u00e4rungen jedweder Art, betreffend das Vertragsverh\u00e4ltnis zwischen Verk\u00e4ufer und K\u00e4ufer, bed\u00fcrfen &#8211; vorbehaltlich anders lautender schriftlicher Vereinbarung &#8211; zu ihrer Wirksamkeit der Schriftform.<\/p>\n<p class=\"bodytext\">4) Die Wirksamkeit m\u00fcndlicher Abreden erfordert in jedem Fall eine unverz\u00fcgliche schriftliche Best\u00e4tigung. Bleibt diese aus, gilt die m\u00fcndliche Abrede als nicht getroffen.<\/p>\n<p class=\"bodytext\">5) Der Verk\u00e4ufer beh\u00e4lt sich die \u00c4nderung der AGB vor. Es gilt immer die bei Kaufabschluss ver\u00f6ffentlichte Version. (https:\/\/pixoman.de\/reklamelabor\/index.php?id=agb)<\/p>\n<p class=\"bodytext\">G\u00fcltig ab 13.06.2014<\/p>\n<p class=\"bodytext\">Quellen: Einige Formulierungen dieser AGB wurden \u00fcber den Generator der Deutschen Anwaltshotline AG erstellt und durch weitere eigene Bestimmungen erg\u00e4nzt.<\/p>\n<p class=\"bodytext\">\u00a0______________________________________________________________________________________<\/p>\n<p class=\"bodytext\">Muster Widerrufsformular gem. Art. 246a \u00a7 1 Abs. 2 Nr. 1 und \u00a7 2 Abs. 2 Nr. 2 EGBGB<\/p>\n<p class=\"bodytext\">Widerrufsformular<\/p>\n<p class=\"bodytext\">Wenn Sie den Vertrag widerrufen wollen, dann f\u00fcllen Sie bitte dieses Formular aus und senden Sie<\/p>\n<p class=\"bodytext\">es an<\/p>\n<p class=\"bodytext\">Reklamelabor &#8211; die Agentur f\u00fcr Kommunikation und Werbung<\/p>\n<p class=\"bodytext\">Ronny Bley<\/p>\n<p class=\"bodytext\">Willy-Brandt-Stra\u00dfe 66<\/p>\n<p class=\"bodytext\">08529 Plauen<\/p>\n<p class=\"bodytext\">E-Mail: widerruf@reklamelabor.de<\/p>\n<p class=\"bodytext\">Hiermit widerrufe(n) ich\/wir (*) den von mir\/uns (*) abgeschlossenen Vertrag \u00fcber den Kauf<\/p>\n<p class=\"bodytext\">der folgenden Waren \/die Erbringung der folgenden Dienstleistung (*)<\/p>\n<p class=\"bodytext\">Bestellt \/erhalten am (*) \u2026\u2026\u2026\u2026\u2026\u2026\u2026\u2026\u2026\u2026\u2026\u2026\u2026\u2026\u2026\u2026.<\/p>\n<p class=\"bodytext\">Bestellnummer: \u2026\u2026\u2026\u2026\u2026\u2026\u2026\u2026\u2026\u2026\u2026\u2026\u2026\u2026\u2026\u2026.<\/p>\n<p class=\"bodytext\">Name des\/der Verbraucher(s) \u2026\u2026\u2026\u2026\u2026\u2026\u2026\u2026\u2026\u2026\u2026\u2026\u2026\u2026\u2026\u2026.<\/p>\n<p class=\"bodytext\">Datum: \u2026\u2026\u2026\u2026\u2026\u2026\u2026\u2026\u2026\u2026\u2026\u2026\u2026\u2026\u2026\u2026.<\/p>\n<p class=\"bodytext\">Unterschrift des\/der Verbraucher(s) (nur bei Mitteilung auf Papier) \u2026\u2026\u2026\u2026\u2026\u2026\u2026\u2026\u2026\u2026\u2026\u2026\u2026\u2026\u2026.<\/p>\n<p class=\"bodytext\">(*) Unzutreffendes streichen.<\/p>\n","protected":false},"excerpt":{"rendered":"<p>AGB f\u00fcr Lieferungen und Leistungen von Reklamelabor &#8211; die Agentur f\u00fcr Kommunikation und Werbung Ronny Bley Willy-Brandt-Stra\u00dfe 66 08529 Plauen Tel: 03741 \u2013 1872638 E-Mail-Adresse: agentur@reklamelabor.de SteuerNr. 223\/208\/01641 Ust-IdNr. DE187153514 und seinen Angeboten www.pixoman.de , www.Vogtlandherz.de, www.reklamelabor.de 1. Allgemeines F\u00fcr alle Lieferungen und Leistungen von Reklamelabor gelten ausschlie\u00dflich die nachfolgenden Bedingungen. 2. Preise 1) Auf [&hellip;]<\/p>\n","protected":false},"author":1,"featured_media":0,"parent":0,"menu_order":0,"comment_status":"open","ping_status":"open","template":"","meta":{"footnotes":""},"class_list":["post-4","page","type-page","status-publish","hentry"],"aioseo_notices":[],"_links":{"self":[{"href":"https:\/\/pixoman.de\/reklamelabor\/wp-json\/wp\/v2\/pages\/4","targetHints":{"allow":["GET"]}}],"collection":[{"href":"https:\/\/pixoman.de\/reklamelabor\/wp-json\/wp\/v2\/pages"}],"about":[{"href":"https:\/\/pixoman.de\/reklamelabor\/wp-json\/wp\/v2\/types\/page"}],"author":[{"embeddable":true,"href":"https:\/\/pixoman.de\/reklamelabor\/wp-json\/wp\/v2\/users\/1"}],"replies":[{"embeddable":true,"href":"https:\/\/pixoman.de\/reklamelabor\/wp-json\/wp\/v2\/comments?post=4"}],"version-history":[{"count":6,"href":"https:\/\/pixoman.de\/reklamelabor\/wp-json\/wp\/v2\/pages\/4\/revisions"}],"predecessor-version":[{"id":266,"href":"https:\/\/pixoman.de\/reklamelabor\/wp-json\/wp\/v2\/pages\/4\/revisions\/266"}],"wp:attachment":[{"href":"https:\/\/pixoman.de\/reklamelabor\/wp-json\/wp\/v2\/media?parent=4"}],"curies":[{"name":"wp","href":"https:\/\/api.w.org\/{rel}","templated":true}]}}